{"id":24,"date":"2021-07-08T11:36:31","date_gmt":"2021-07-08T09:36:31","guid":{"rendered":"https:\/\/get.med.tum.de\/?page_id=24"},"modified":"2024-03-14T16:47:11","modified_gmt":"2024-03-14T14:47:11","slug":"medizinethik","status":"publish","type":"page","link":"https:\/\/get.med.tum.de\/en\/medizinethik\/","title":{"rendered":"Medical Ethics"},"content":{"rendered":"<div class=\"wpb-content-wrapper\"><div class=\"vc_row wpb_row row bg_default\"><div class=\"wpb_column vc_column_container col-sm-12 col-12\"><div class=\"vc_column-inner\"><div class=\"wpb_wrapper\"><div class=\"vc_row dhsv_vc_header\" data-vc-full-width=\"true\">\n  <div class=\"dhsv_vc_header__bg\">\n    <div class=\"dhsv_vc_header__clip-path\">\n      <div class=\"dhsv_vc_header__image\" style=\"background-image: url(https:\/\/get.med.tum.de\/wp-content\/uploads\/2022\/04\/iStock-1205916335-1024x662.jpg)\"><\/div>\n      <div class=\"dhsv_vc_header__overlay\" style=\"background-image: url(https:\/\/get.med.tum.de\/wp-content\/themes\/360vier-theme\/resources\/assets\/images\/header-gradient.png)\"><\/div>\n    <\/div>\n  <\/div>\n  <div class=\"dhsv_vc_header__wrap\">\n          <h2 class=\"dhsv_vc_header__headline\">Medical Ethics<\/h2>\n          <\/div>\n<\/div><\/div><\/div><\/div><\/div><section class=\"vc_section\"><div class=\"vc_row wpb_row row bg_default\"><div class=\"wpb_column vc_column_container col-sm-12 col-12\"><div class=\"vc_column-inner\"><div class=\"wpb_wrapper\">\n\t<div class=\"wpb_text_column wpb_content_element\" >\n\t\t<div class=\"wpb_wrapper\">\n\t\t\t<p class=\"big\">Medical ethics research and teaching at the Institute of History and Ethics in Medicine encompasses the entire field of biomedical ethics and public health ethics.<\/p>\n<p class=\"big\">A particular focus is on questions of responsible development and the introduction of new biomedical technologies in the healthcare sector. Here, the Institute stands for an embedded ethics approach (EE), in which ethical aspects are part of technical development from the outset.<\/p>\n\n\t\t<\/div>\n\t<\/div>\n<\/div><\/div><\/div><\/div><\/section><section class=\"vc_section\"><div class=\"vc_row wpb_row row bg_brand-primary\"><div class=\"wpb_column vc_column_container col-sm-12 col-12\"><div class=\"vc_column-inner\"><div class=\"wpb_wrapper\"><div class=\"vc_empty_space\"   style=\"height: 50px\"><span class=\"vc_empty_space_inner\"><\/span><\/div><div class=\"vc_row wpb_row vc_inner row\"><div class=\"wpb_column vc_column_container col-sm-2 col-12\"><div class=\"vc_column-inner\"><div class=\"wpb_wrapper\"><\/div><\/div><\/div><div class=\"wpb_column vc_column_container col-sm-8 col-12\"><div class=\"vc_column-inner\"><div class=\"wpb_wrapper\">\n\t<div class=\"wpb_text_column wpb_content_element\" >\n\t\t<div class=\"wpb_wrapper\">\n\t\t\t<h2 style=\"text-align: left;\">Research foci of the institute in the field of medical ethics<\/h2>\n<p>- Artificial intelligence in medicine and healthcare<\/p>\n<p>- Development and introduction of robotics in medicine and care<\/p>\n<p>- New concepts of solidarity and participatory approaches in medicine<\/p>\n<p>- Neuroethics<\/p>\n<p>- Research ethics<\/p>\n<p>- Public health ethics<\/p>\n\n\t\t<\/div>\n\t<\/div>\n<\/div><\/div><\/div><div class=\"wpb_column vc_column_container col-sm-2 col-12\"><div class=\"vc_column-inner\"><div class=\"wpb_wrapper\"><\/div><\/div><\/div><\/div><div class=\"vc_empty_space\"   style=\"height: 32px\"><span class=\"vc_empty_space_inner\"><\/span><\/div><\/div><\/div><\/div><\/div><div class=\"vc_row wpb_row row bg_default\"><div class=\"wpb_column vc_column_container col-sm-12 col-12\"><div class=\"vc_column-inner\"><div class=\"wpb_wrapper\">\n\t<div class=\"wpb_text_column wpb_content_element\" >\n\t\t<div class=\"wpb_wrapper\">\n\t\t\t\n\t\t<\/div>\n\t<\/div>\n<div class=\"vc_empty_space\"   style=\"height: 32px\"><span class=\"vc_empty_space_inner\"><\/span><\/div>\n\t<div class=\"wpb_text_column wpb_content_element\" >\n\t\t<div class=\"wpb_wrapper\">\n\t\t\t<p>The Institute also has a strong interdisciplinary approach. Members work on research projects and consortia from a variety of disciplines. These include physicians, lawyers, social scientists, philosophers, health economists, psychologists, etc. The members of the Institute themselves come from a wide variety of scientific disciplines.<\/p>\n\n\t\t<\/div>\n\t<\/div>\n<\/div><\/div><\/div><\/div><\/section><section class=\"vc_section\"><div class=\"vc_row wpb_row row bg_default\"><div class=\"wpb_column vc_column_container col-sm-12 col-12\"><div class=\"vc_column-inner\"><div class=\"wpb_wrapper\"><div class=\"vc_empty_space\"   style=\"height: 50px\"><span class=\"vc_empty_space_inner\"><\/span><\/div><\/div><\/div><\/div><\/div><div class=\"vc_row wpb_row row bg_default\"><div class=\"wpb_column vc_column_container col-sm-12 col-12\"><div class=\"vc_column-inner\"><div class=\"wpb_wrapper\"><div class=\"wpb-content-wrapper\"><div data-vc-full-width=\"true\" data-vc-full-width-temp=\"true\" data-vc-full-width-init=\"false\" data-vc-stretch-content=\"true\" class=\"vc_row wpb_row row vc_row-no-padding bg_default\"><div class=\"wpb_column vc_column_container col-sm-12 col-12\"><div class=\"vc_column-inner\"><div class=\"wpb_wrapper\"><div class=\"dhsv_vc_contact\">\n    <div class=\"container\">\n        <div class=\"row\">\n            <div class=\"col\">\n                <h2>\n                    Contact\n                <\/h2>\n            <\/div>\n        <\/div>\n        <div class=\"row\">\n            <div class=\"col\">\n                <p>\n                    The Institute of the History and Ethics in Medicine welcomes your contact.\n                <\/p>\n            <\/div>\n            <div class=\"col\">\n                T&nbsp;&nbsp;<a href=\"tel:498941404041\">+49 89 4140 4041<\/a><br \/>\n                M&nbsp;&nbsp;<a href=\"mailto:office.ethics@mh.tum.de\">office.ethics@mh.tum.de<\/a><br \/>\n                <br \/>\n                Mon-Thu: 9 a.m.-3 p.m., Fri: 9 a.m.-1 p.m. (core hours)\n            <\/div>\n            <div class=\"col\">\n                Ismaninger street 22<br \/>\n81675 Munich\n            <\/div>\n            <div class=\"col\">\n                <img decoding=\"async\" class=\"img-responsive\" src=\"https:\/\/get.med.tum.de\/wp-content\/uploads\/2021\/07\/Icon-TUM.png\">\n            <\/div>\n        <\/div>\n    <\/div>\n<\/div>\n<\/div><\/div><\/div><\/div><div class=\"vc_row-full-width vc_clearfix\"><\/div>\n<\/div>\n<\/div><\/div><\/div><\/div><\/section>\n<\/div>","protected":false},"excerpt":{"rendered":"Medical ethics Medical ethics research and teaching at the Institute for the History and Ethics of Medicine covers the entire field of biomedical ethics and public health ethics. A special ... <a href=\"https:\/\/get.med.tum.de\/en\/medizinethik\/\">Continued<\/a>","protected":false},"author":1,"featured_media":0,"parent":0,"menu_order":0,"comment_status":"closed","ping_status":"closed","template":"","meta":{"_acf_changed":false,"footnotes":""},"class_list":["post-24","page","type-page","status-publish","hentry"],"acf":[],"yoast_head":"<!-- This site is optimized with the Yoast SEO plugin v27.5 - https:\/\/yoast.com\/product\/yoast-seo-wordpress\/ -->\n<title>Medizinethik - Institut f\u00fcr Geschichte und Ethik der Medizin<\/title>\n<meta name=\"robots\" content=\"index, follow, max-snippet:-1, max-image-preview:large, max-video-preview:-1\" \/>\n<link rel=\"canonical\" href=\"https:\/\/get.med.tum.de\/en\/medizinethik\/\" \/>\n<meta property=\"og:locale\" content=\"en_US\" \/>\n<meta property=\"og:type\" content=\"article\" \/>\n<meta property=\"og:title\" content=\"Medizinethik - Institut f\u00fcr Geschichte und Ethik der Medizin\" \/>\n<meta property=\"og:url\" content=\"https:\/\/get.med.tum.de\/en\/medizinethik\/\" \/>\n<meta property=\"og:site_name\" content=\"Institut f\u00fcr Geschichte und Ethik der Medizin\" \/>\n<meta property=\"article:publisher\" content=\"https:\/\/www.facebook.com\/TU.Muenchen\" \/>\n<meta property=\"article:modified_time\" content=\"2024-03-14T14:47:11+00:00\" \/>\n<meta name=\"twitter:card\" content=\"summary_large_image\" \/>\n<meta name=\"twitter:site\" content=\"@TU_Muenchen\" \/>\n<meta name=\"twitter:label1\" content=\"Est. reading time\" \/>\n\t<meta name=\"twitter:data1\" content=\"2 minutes\" \/>\n<script type=\"application\/ld+json\" class=\"yoast-schema-graph\">{\"@context\":\"https:\\\/\\\/schema.org\",\"@graph\":[{\"@type\":\"WebPage\",\"@id\":\"https:\\\/\\\/get.med.tum.de\\\/medizinethik\\\/\",\"url\":\"https:\\\/\\\/get.med.tum.de\\\/medizinethik\\\/\",\"name\":\"Medizinethik - Institut f\u00fcr Geschichte und Ethik der Medizin\",\"isPartOf\":{\"@id\":\"https:\\\/\\\/get.med.tum.de\\\/#website\"},\"datePublished\":\"2021-07-08T09:36:31+00:00\",\"dateModified\":\"2024-03-14T14:47:11+00:00\",\"breadcrumb\":{\"@id\":\"https:\\\/\\\/get.med.tum.de\\\/medizinethik\\\/#breadcrumb\"},\"inLanguage\":\"en-US\",\"potentialAction\":[{\"@type\":\"ReadAction\",\"target\":[\"https:\\\/\\\/get.med.tum.de\\\/medizinethik\\\/\"]}]},{\"@type\":\"BreadcrumbList\",\"@id\":\"https:\\\/\\\/get.med.tum.de\\\/medizinethik\\\/#breadcrumb\",\"itemListElement\":[{\"@type\":\"ListItem\",\"position\":1,\"name\":\"Startseite\",\"item\":\"https:\\\/\\\/get.med.tum.de\\\/\"},{\"@type\":\"ListItem\",\"position\":2,\"name\":\"Medizinethik\"}]},{\"@type\":\"WebSite\",\"@id\":\"https:\\\/\\\/get.med.tum.de\\\/#website\",\"url\":\"https:\\\/\\\/get.med.tum.de\\\/\",\"name\":\"Institut f\u00fcr Geschichte und Ethik der Medizin der Technischen Universit\u00e4t M\u00fcnchen\",\"description\":\"TU M\u00fcnchen\",\"publisher\":{\"@id\":\"https:\\\/\\\/get.med.tum.de\\\/#organization\"},\"potentialAction\":[{\"@type\":\"SearchAction\",\"target\":{\"@type\":\"EntryPoint\",\"urlTemplate\":\"https:\\\/\\\/get.med.tum.de\\\/?s={search_term_string}\"},\"query-input\":{\"@type\":\"PropertyValueSpecification\",\"valueRequired\":true,\"valueName\":\"search_term_string\"}}],\"inLanguage\":\"en-US\"},{\"@type\":\"Organization\",\"@id\":\"https:\\\/\\\/get.med.tum.de\\\/#organization\",\"name\":\"Institut f\u00fcr Geschichte und Ethik der Medizin\",\"url\":\"https:\\\/\\\/get.med.tum.de\\\/\",\"logo\":{\"@type\":\"ImageObject\",\"inLanguage\":\"en-US\",\"@id\":\"https:\\\/\\\/get.med.tum.de\\\/#\\\/schema\\\/logo\\\/image\\\/\",\"url\":\"\",\"contentUrl\":\"\",\"caption\":\"Institut f\u00fcr Geschichte und Ethik der Medizin\"},\"image\":{\"@id\":\"https:\\\/\\\/get.med.tum.de\\\/#\\\/schema\\\/logo\\\/image\\\/\"},\"sameAs\":[\"https:\\\/\\\/www.facebook.com\\\/TU.Muenchen\",\"https:\\\/\\\/x.com\\\/TU_Muenchen\",\"https:\\\/\\\/www.linkedin.com\\\/school\\\/technische-universitat-munchen\\\/\"]}]}<\/script>\n<!-- \/ Yoast SEO plugin. -->","yoast_head_json":{"title":"Medical Ethics - Institute for the History and Ethics of Medicine","robots":{"index":"index","follow":"follow","max-snippet":"max-snippet:-1","max-image-preview":"max-image-preview:large","max-video-preview":"max-video-preview:-1"},"canonical":"https:\/\/get.med.tum.de\/en\/medizinethik\/","og_locale":"en_US","og_type":"article","og_title":"Medizinethik - Institut f\u00fcr Geschichte und Ethik der Medizin","og_url":"https:\/\/get.med.tum.de\/en\/medizinethik\/","og_site_name":"Institut f\u00fcr Geschichte und Ethik der Medizin","article_publisher":"https:\/\/www.facebook.com\/TU.Muenchen","article_modified_time":"2024-03-14T14:47:11+00:00","twitter_card":"summary_large_image","twitter_site":"@TU_Muenchen","twitter_misc":{"Est. reading time":"2 minutes"},"schema":{"@context":"https:\/\/schema.org","@graph":[{"@type":"WebPage","@id":"https:\/\/get.med.tum.de\/medizinethik\/","url":"https:\/\/get.med.tum.de\/medizinethik\/","name":"Medical Ethics - Institute for the History and Ethics of Medicine","isPartOf":{"@id":"https:\/\/get.med.tum.de\/#website"},"datePublished":"2021-07-08T09:36:31+00:00","dateModified":"2024-03-14T14:47:11+00:00","breadcrumb":{"@id":"https:\/\/get.med.tum.de\/medizinethik\/#breadcrumb"},"inLanguage":"en-US","potentialAction":[{"@type":"ReadAction","target":["https:\/\/get.med.tum.de\/medizinethik\/"]}]},{"@type":"BreadcrumbList","@id":"https:\/\/get.med.tum.de\/medizinethik\/#breadcrumb","itemListElement":[{"@type":"ListItem","position":1,"name":"Startseite","item":"https:\/\/get.med.tum.de\/"},{"@type":"ListItem","position":2,"name":"Medizinethik"}]},{"@type":"WebSite","@id":"https:\/\/get.med.tum.de\/#website","url":"https:\/\/get.med.tum.de\/","name":"Institute for the History and Ethics of Medicine at the Technical University of Munich","description":"TU Munich","publisher":{"@id":"https:\/\/get.med.tum.de\/#organization"},"potentialAction":[{"@type":"SearchAction","target":{"@type":"EntryPoint","urlTemplate":"https:\/\/get.med.tum.de\/?s={search_term_string}"},"query-input":{"@type":"PropertyValueSpecification","valueRequired":true,"valueName":"search_term_string"}}],"inLanguage":"en-US"},{"@type":"Organization","@id":"https:\/\/get.med.tum.de\/#organization","name":"Institute of History and Ethics in Medicine","url":"https:\/\/get.med.tum.de\/","logo":{"@type":"ImageObject","inLanguage":"en-US","@id":"https:\/\/get.med.tum.de\/#\/schema\/logo\/image\/","url":"","contentUrl":"","caption":"Institut f\u00fcr Geschichte und Ethik der Medizin"},"image":{"@id":"https:\/\/get.med.tum.de\/#\/schema\/logo\/image\/"},"sameAs":["https:\/\/www.facebook.com\/TU.Muenchen","https:\/\/x.com\/TU_Muenchen","https:\/\/www.linkedin.com\/school\/technische-universitat-munchen\/"]}]}},"publishpress_future_action":{"enabled":false,"date":"2026-05-18 00:37:42","action":"change-status","newStatus":"draft","terms":[],"taxonomy":"","extraData":[]},"publishpress_future_workflow_manual_trigger":{"enabledWorkflows":[]},"_links":{"self":[{"href":"https:\/\/get.med.tum.de\/en\/wp-json\/wp\/v2\/pages\/24","targetHints":{"allow":["GET"]}}],"collection":[{"href":"https:\/\/get.med.tum.de\/en\/wp-json\/wp\/v2\/pages"}],"about":[{"href":"https:\/\/get.med.tum.de\/en\/wp-json\/wp\/v2\/types\/page"}],"author":[{"embeddable":true,"href":"https:\/\/get.med.tum.de\/en\/wp-json\/wp\/v2\/users\/1"}],"replies":[{"embeddable":true,"href":"https:\/\/get.med.tum.de\/en\/wp-json\/wp\/v2\/comments?post=24"}],"version-history":[{"count":5,"href":"https:\/\/get.med.tum.de\/en\/wp-json\/wp\/v2\/pages\/24\/revisions"}],"predecessor-version":[{"id":4028,"href":"https:\/\/get.med.tum.de\/en\/wp-json\/wp\/v2\/pages\/24\/revisions\/4028"}],"wp:attachment":[{"href":"https:\/\/get.med.tum.de\/en\/wp-json\/wp\/v2\/media?parent=24"}],"curies":[{"name":"wp","href":"https:\/\/api.w.org\/{rel}","templated":true}]}}