{"id":488,"date":"2021-12-09T19:29:43","date_gmt":"2021-12-09T17:29:43","guid":{"rendered":"https:\/\/tum014.staging.360vier.net\/?page_id=488"},"modified":"2023-08-09T11:22:16","modified_gmt":"2023-08-09T09:22:16","slug":"events-archive","status":"publish","type":"page","link":"https:\/\/get.med.tum.de\/en\/events-archive\/","title":{"rendered":"Events Archive"},"content":{"rendered":"<div class=\"wpb-content-wrapper\"><div class=\"vc_row wpb_row row bg_default\"><div class=\"wpb_column vc_column_container col-sm-12 col-12\"><div class=\"vc_column-inner\"><div class=\"wpb_wrapper\"><div class=\"vc_row dhsv_vc_header\" data-vc-full-width=\"true\">\n  <div class=\"dhsv_vc_header__bg\">\n    <div class=\"dhsv_vc_header__clip-path\">\n      <div class=\"dhsv_vc_header__image\" style=\"background-image: url(https:\/\/get.med.tum.de\/wp-content\/uploads\/2022\/04\/iStock-469711926-1024x683.jpg)\"><\/div>\n      <div class=\"dhsv_vc_header__overlay\" style=\"background-image: url(https:\/\/get.med.tum.de\/wp-content\/themes\/360vier-theme\/resources\/assets\/images\/header-gradient.png)\"><\/div>\n    <\/div>\n  <\/div>\n  <div class=\"dhsv_vc_header__wrap\">\n          <h2 class=\"dhsv_vc_header__headline\">Events<\/h2>\n              <p class=\"dhsv_vc_header__subheadline\">Current and past events at a glance<\/p>\n      <\/div>\n<\/div><\/div><\/div><\/div><\/div><div class=\"vc_row wpb_row row bg_default\"><div class=\"wpb_column vc_column_container col-sm-12 col-12\"><div class=\"vc_column-inner\"><div class=\"wpb_wrapper\"><div data-component=\"NewsArchive\" data-prop-posttype=\"wp\/v2\/tribe_eventss\"><\/div>\n<\/div><\/div><\/div><\/div><div class=\"vc_row wpb_row row bg_default\"><div class=\"wpb_column vc_column_container col-sm-12 col-12\"><div class=\"vc_column-inner\"><div class=\"wpb_wrapper\">\n\t<div class=\"wpb_text_column wpb_content_element\" >\n\t\t<div class=\"wpb_wrapper\">\n\t\t\t<h2>Past events<\/h2>\n\n\t\t<\/div>\n\t<\/div>\n<div data-component=\"NewsArchive\" data-prop-posttype=\"dhsv\/v2\/tum\/past-events\"><\/div>\n<\/div><\/div><\/div><\/div>\n<\/div>","protected":false},"excerpt":{"rendered":"Events Current and past events at a glance Past events","protected":false},"author":2,"featured_media":0,"parent":0,"menu_order":0,"comment_status":"closed","ping_status":"closed","template":"","meta":{"_acf_changed":false,"footnotes":""},"class_list":["post-488","page","type-page","status-publish","hentry"],"acf":[],"yoast_head":"<!-- This site is optimized with the Yoast SEO plugin v27.3 - https:\/\/yoast.com\/product\/yoast-seo-wordpress\/ -->\n<title>Events Archive - Institut f\u00fcr Geschichte und Ethik der Medizin<\/title>\n<meta name=\"robots\" content=\"index, follow, max-snippet:-1, max-image-preview:large, max-video-preview:-1\" \/>\n<link rel=\"canonical\" href=\"https:\/\/get.med.tum.de\/en\/events-archive\/\" \/>\n<meta property=\"og:locale\" content=\"en_US\" \/>\n<meta property=\"og:type\" content=\"article\" \/>\n<meta property=\"og:title\" content=\"Events Archive - Institut f\u00fcr Geschichte und Ethik der Medizin\" \/>\n<meta property=\"og:url\" content=\"https:\/\/get.med.tum.de\/en\/events-archive\/\" \/>\n<meta property=\"og:site_name\" content=\"Institut f\u00fcr Geschichte und Ethik der Medizin\" \/>\n<meta property=\"article:publisher\" content=\"https:\/\/www.facebook.com\/TU.Muenchen\" \/>\n<meta property=\"article:modified_time\" content=\"2023-08-09T09:22:16+00:00\" \/>\n<meta name=\"twitter:card\" content=\"summary_large_image\" \/>\n<meta name=\"twitter:site\" content=\"@TU_Muenchen\" \/>\n<meta name=\"twitter:label1\" content=\"Est. reading time\" \/>\n\t<meta name=\"twitter:data1\" content=\"1 minute\" \/>\n<script type=\"application\/ld+json\" class=\"yoast-schema-graph\">{\"@context\":\"https:\\\/\\\/schema.org\",\"@graph\":[{\"@type\":\"WebPage\",\"@id\":\"https:\\\/\\\/get.med.tum.de\\\/events-archive\\\/\",\"url\":\"https:\\\/\\\/get.med.tum.de\\\/events-archive\\\/\",\"name\":\"Events Archive - Institut f\u00fcr Geschichte und Ethik der Medizin\",\"isPartOf\":{\"@id\":\"https:\\\/\\\/get.med.tum.de\\\/#website\"},\"datePublished\":\"2021-12-09T17:29:43+00:00\",\"dateModified\":\"2023-08-09T09:22:16+00:00\",\"breadcrumb\":{\"@id\":\"https:\\\/\\\/get.med.tum.de\\\/events-archive\\\/#breadcrumb\"},\"inLanguage\":\"en-US\",\"potentialAction\":[{\"@type\":\"ReadAction\",\"target\":[\"https:\\\/\\\/get.med.tum.de\\\/events-archive\\\/\"]}]},{\"@type\":\"BreadcrumbList\",\"@id\":\"https:\\\/\\\/get.med.tum.de\\\/events-archive\\\/#breadcrumb\",\"itemListElement\":[{\"@type\":\"ListItem\",\"position\":1,\"name\":\"Startseite\",\"item\":\"https:\\\/\\\/get.med.tum.de\\\/\"},{\"@type\":\"ListItem\",\"position\":2,\"name\":\"Events Archive\"}]},{\"@type\":\"WebSite\",\"@id\":\"https:\\\/\\\/get.med.tum.de\\\/#website\",\"url\":\"https:\\\/\\\/get.med.tum.de\\\/\",\"name\":\"Institut f\u00fcr Geschichte und Ethik der Medizin der Technischen Universit\u00e4t M\u00fcnchen\",\"description\":\"TU M\u00fcnchen\",\"publisher\":{\"@id\":\"https:\\\/\\\/get.med.tum.de\\\/#organization\"},\"potentialAction\":[{\"@type\":\"SearchAction\",\"target\":{\"@type\":\"EntryPoint\",\"urlTemplate\":\"https:\\\/\\\/get.med.tum.de\\\/?s={search_term_string}\"},\"query-input\":{\"@type\":\"PropertyValueSpecification\",\"valueRequired\":true,\"valueName\":\"search_term_string\"}}],\"inLanguage\":\"en-US\"},{\"@type\":\"Organization\",\"@id\":\"https:\\\/\\\/get.med.tum.de\\\/#organization\",\"name\":\"Institut f\u00fcr Geschichte und Ethik der Medizin\",\"url\":\"https:\\\/\\\/get.med.tum.de\\\/\",\"logo\":{\"@type\":\"ImageObject\",\"inLanguage\":\"en-US\",\"@id\":\"https:\\\/\\\/get.med.tum.de\\\/#\\\/schema\\\/logo\\\/image\\\/\",\"url\":\"\",\"contentUrl\":\"\",\"caption\":\"Institut f\u00fcr Geschichte und Ethik der Medizin\"},\"image\":{\"@id\":\"https:\\\/\\\/get.med.tum.de\\\/#\\\/schema\\\/logo\\\/image\\\/\"},\"sameAs\":[\"https:\\\/\\\/www.facebook.com\\\/TU.Muenchen\",\"https:\\\/\\\/x.com\\\/TU_Muenchen\",\"https:\\\/\\\/www.linkedin.com\\\/school\\\/technische-universitat-munchen\\\/\"]}]}<\/script>\n<!-- \/ Yoast SEO plugin. -->","yoast_head_json":{"title":"Events Archive - Institute for the History and Ethics of Medicine","robots":{"index":"index","follow":"follow","max-snippet":"max-snippet:-1","max-image-preview":"max-image-preview:large","max-video-preview":"max-video-preview:-1"},"canonical":"https:\/\/get.med.tum.de\/en\/events-archive\/","og_locale":"en_US","og_type":"article","og_title":"Events Archive - Institut f\u00fcr Geschichte und Ethik der Medizin","og_url":"https:\/\/get.med.tum.de\/en\/events-archive\/","og_site_name":"Institut f\u00fcr Geschichte und Ethik der Medizin","article_publisher":"https:\/\/www.facebook.com\/TU.Muenchen","article_modified_time":"2023-08-09T09:22:16+00:00","twitter_card":"summary_large_image","twitter_site":"@TU_Muenchen","twitter_misc":{"Est. reading time":"1 minute"},"schema":{"@context":"https:\/\/schema.org","@graph":[{"@type":"WebPage","@id":"https:\/\/get.med.tum.de\/events-archive\/","url":"https:\/\/get.med.tum.de\/events-archive\/","name":"Events Archive - Institute for the History and Ethics of Medicine","isPartOf":{"@id":"https:\/\/get.med.tum.de\/#website"},"datePublished":"2021-12-09T17:29:43+00:00","dateModified":"2023-08-09T09:22:16+00:00","breadcrumb":{"@id":"https:\/\/get.med.tum.de\/events-archive\/#breadcrumb"},"inLanguage":"en-US","potentialAction":[{"@type":"ReadAction","target":["https:\/\/get.med.tum.de\/events-archive\/"]}]},{"@type":"BreadcrumbList","@id":"https:\/\/get.med.tum.de\/events-archive\/#breadcrumb","itemListElement":[{"@type":"ListItem","position":1,"name":"Startseite","item":"https:\/\/get.med.tum.de\/"},{"@type":"ListItem","position":2,"name":"Events Archive"}]},{"@type":"WebSite","@id":"https:\/\/get.med.tum.de\/#website","url":"https:\/\/get.med.tum.de\/","name":"Institute for the History and Ethics of Medicine at the Technical University of Munich","description":"TU Munich","publisher":{"@id":"https:\/\/get.med.tum.de\/#organization"},"potentialAction":[{"@type":"SearchAction","target":{"@type":"EntryPoint","urlTemplate":"https:\/\/get.med.tum.de\/?s={search_term_string}"},"query-input":{"@type":"PropertyValueSpecification","valueRequired":true,"valueName":"search_term_string"}}],"inLanguage":"en-US"},{"@type":"Organization","@id":"https:\/\/get.med.tum.de\/#organization","name":"Institute of History and Ethics in Medicine","url":"https:\/\/get.med.tum.de\/","logo":{"@type":"ImageObject","inLanguage":"en-US","@id":"https:\/\/get.med.tum.de\/#\/schema\/logo\/image\/","url":"","contentUrl":"","caption":"Institut f\u00fcr Geschichte und Ethik der Medizin"},"image":{"@id":"https:\/\/get.med.tum.de\/#\/schema\/logo\/image\/"},"sameAs":["https:\/\/www.facebook.com\/TU.Muenchen","https:\/\/x.com\/TU_Muenchen","https:\/\/www.linkedin.com\/school\/technische-universitat-munchen\/"]}]}},"publishpress_future_action":{"enabled":false,"date":"2026-04-25 21:51:33","action":"change-status","newStatus":"draft","terms":[],"taxonomy":"","extraData":[]},"publishpress_future_workflow_manual_trigger":{"enabledWorkflows":[]},"_links":{"self":[{"href":"https:\/\/get.med.tum.de\/en\/wp-json\/wp\/v2\/pages\/488","targetHints":{"allow":["GET"]}}],"collection":[{"href":"https:\/\/get.med.tum.de\/en\/wp-json\/wp\/v2\/pages"}],"about":[{"href":"https:\/\/get.med.tum.de\/en\/wp-json\/wp\/v2\/types\/page"}],"author":[{"embeddable":true,"href":"https:\/\/get.med.tum.de\/en\/wp-json\/wp\/v2\/users\/2"}],"replies":[{"embeddable":true,"href":"https:\/\/get.med.tum.de\/en\/wp-json\/wp\/v2\/comments?post=488"}],"version-history":[{"count":5,"href":"https:\/\/get.med.tum.de\/en\/wp-json\/wp\/v2\/pages\/488\/revisions"}],"predecessor-version":[{"id":2811,"href":"https:\/\/get.med.tum.de\/en\/wp-json\/wp\/v2\/pages\/488\/revisions\/2811"}],"wp:attachment":[{"href":"https:\/\/get.med.tum.de\/en\/wp-json\/wp\/v2\/media?parent=488"}],"curies":[{"name":"wp","href":"https:\/\/api.w.org\/{rel}","templated":true}]}}